{"id":319,"date":"2021-08-09T14:54:07","date_gmt":"2021-08-09T14:54:07","guid":{"rendered":"https:\/\/lapinputkimestarit.fi\/?page_id=319"},"modified":"2021-10-13T17:09:40","modified_gmt":"2021-10-13T17:09:40","slug":"referessit","status":"publish","type":"page","link":"https:\/\/lapinputkimestarit.fi\/?page_id=319","title":{"rendered":"Referenssit"},"content":{"rendered":"<p>[et_pb_section fb_built=&#8221;1&#8243; disabled_on=&#8221;off|off|off&#8221; admin_label=&#8221;Header Section&#8221; _builder_version=&#8221;4.9.10&#8243; background_color=&#8221;RGBA(0,0,0,0)&#8221; use_background_color_gradient=&#8221;on&#8221; background_color_gradient_start=&#8221;rgba(255,255,255,0.44)&#8221; background_color_gradient_end=&#8221;#0aa2d1&#8243; background_color_gradient_overlays_image=&#8221;on&#8221; background_image=&#8221;https:\/\/lapinputkimestarit.fi\/wp-content\/uploads\/2021\/07\/jacek-dylag-Vve7XkiUq_Y-unsplash-scaled.jpg&#8221; custom_margin=&#8221;|||&#8221; custom_padding=&#8221;6vw|0px|7vw|0px||&#8221; bottom_divider_color=&#8221;#ffffff&#8221; bottom_divider_height=&#8221;6vw&#8221; animation_style=&#8221;slide&#8221; animation_direction=&#8221;top&#8221; animation_intensity_slide=&#8221;3%&#8221; animation_starting_opacity=&#8221;100%&#8221; global_colors_info=&#8221;{}&#8221;][et_pb_row disabled_on=&#8221;off|off|off&#8221; module_class=&#8221; et_pb_row_fullwidth&#8221; _builder_version=&#8221;3.25&#8243; width=&#8221;89%&#8221; width_tablet=&#8221;80%&#8221; width_phone=&#8221;&#8221; width_last_edited=&#8221;on|desktop&#8221; max_width=&#8221;89%&#8221; max_width_tablet=&#8221;80%&#8221; max_width_phone=&#8221;&#8221; max_width_last_edited=&#8221;on|desktop&#8221; custom_padding=&#8221;|||&#8221; make_fullwidth=&#8221;on&#8221; global_colors_info=&#8221;{}&#8221;][et_pb_column type=&#8221;4_4&#8243; _builder_version=&#8221;3.25&#8243; custom_padding=&#8221;|||&#8221; global_colors_info=&#8221;{}&#8221; custom_padding__hover=&#8221;|||&#8221;][et_pb_text disabled_on=&#8221;off|off|off&#8221; _builder_version=&#8221;4.11.1&#8243; text_font=&#8221;Bai Jamjuree|||on|||||&#8221; text_font_size=&#8221;22px&#8221; text_line_height=&#8221;1.8em&#8221; header_font=&#8221;Bai Jamjuree|600||on|||||&#8221; header_text_align=&#8221;center&#8221; header_font_size=&#8221;7vw&#8221; header_line_height=&#8221;1.5em&#8221; text_orientation=&#8221;center&#8221; background_layout=&#8221;dark&#8221; custom_margin=&#8221;|||&#8221; header_font_size_tablet=&#8221;50px&#8221; header_font_size_phone=&#8221;&#8221; header_font_size_last_edited=&#8221;on|desktop&#8221; header_line_height_tablet=&#8221;1.1em&#8221; header_line_height_phone=&#8221;1.2em&#8221; header_line_height_last_edited=&#8221;off|desktop&#8221; global_colors_info=&#8221;{}&#8221;]<\/p>\n<h1><span style=\"font-size: xx-large;\">\u00a0Alla luettelo\u00a0 kohteista joita olemme vuosien saatossa <\/span><span style=\"font-size: xx-large;\">urakoineet<br \/><\/span><\/h1>\n<p>&nbsp;<\/p>\n<p>[\/et_pb_text][\/et_pb_column][\/et_pb_row][\/et_pb_section][et_pb_section fb_built=&#8221;1&#8243; _builder_version=&#8221;4.9.10&#8243; _module_preset=&#8221;default&#8221; global_colors_info=&#8221;{}&#8221;][et_pb_row column_structure=&#8221;1_2,1_2&#8243; _builder_version=&#8221;4.9.10&#8243; _module_preset=&#8221;default&#8221; global_colors_info=&#8221;{}&#8221;][et_pb_column type=&#8221;1_2&#8243; _builder_version=&#8221;4.9.10&#8243; _module_preset=&#8221;default&#8221; global_colors_info=&#8221;{}&#8221;][et_pb_text _builder_version=&#8221;4.9.9&#8243; _module_preset=&#8221;default&#8221; text_font=&#8221;Bai Jamjuree|700|||||||&#8221; text_font_size=&#8221;15px&#8221; text_line_height=&#8221;2em&#8221; global_colors_info=&#8221;{}&#8221;]<\/p>\n<p>Olivers Corner |putkiurakka | 2012<br \/>As Oy Pitk\u00e4rantavitikantie | kv linjasaneeraus p\u00e4\u00e4urakointi| 2013<br \/>As Oy Karpalorakka | lattial\u00e4mmitysurakointi | 2014<br \/>As Oy Vesarinne | rivitalon k\u00e4ytt\u00f6vesilinjasaneeraus | 2015<br \/>As Oy V\u00e4yl\u00e4tie 47 | lattial\u00e4mmitysurakointi | 2015<br \/>Noreca Oy | ilmanvaihto | maal\u00e4mp\u00f6j\u00e4rjestelm\u00e4 | 2015<br \/>Pyh\u00e4n Asteli | l\u00e4mp\u00f6pumppu-urakointi | 2015<br \/>Pudasj\u00e4rven koulukampus | lattial\u00e4mmitysurakointi | 2015<br \/>Koy Kemij\u00e4rven T\u00f6veli maal\u00e4mp\u00f6urakka | 2016<br \/>Koy Kemij\u00e4rven Ulkuniemi maal\u00e4mp\u00f6urakka | 2016<br \/>Kemij\u00e4rven Kansanel\u00e4kelaitos muutos| lvi-urakointi | 2016<br \/>Kempeleen uusi terveyskeskus | lattial\u00e4mmitysurakointi | 2016<br \/>Ritavalkean Lomakeskus LVI-Urakointi | 2016<br \/>Hoivakoti Seutula Peruskorjaus | 2016<br \/>As Oy Kellonsoittajankatu | kerrostalon LVI-urakointi | 2016<\/p>\n<p>[\/et_pb_text][\/et_pb_column][et_pb_column type=&#8221;1_2&#8243; _builder_version=&#8221;4.9.10&#8243; _module_preset=&#8221;default&#8221; global_colors_info=&#8221;{}&#8221;][et_pb_text _builder_version=&#8221;4.9.9&#8243; _module_preset=&#8221;default&#8221; text_font=&#8221;Bai Jamjuree|700|||||||&#8221; text_font_size=&#8221;15px&#8221; text_line_height=&#8221;2em&#8221; width=&#8221;100%&#8221; max_width=&#8221;100%&#8221; global_colors_info=&#8221;{}&#8221;]<\/p>\n<p><span class=\"fontstyle0\">KKY:N Urheiluopiston 2.kerroksen keitti\u00f6 saneeraus | 2017<br \/>As Oy S\u00e4\u00e4st\u00f6lainas 34 huoneiston linjasaneeraus| 2017<br \/>As Oy Siljonhovi ja Siljonpiha Lattial\u00e4mmitys urakointi | 2017<br \/>Hoivakoti Lehtola LVI-Urakointi| 2017<br \/>Norvaj\u00e4rven leirikeskuksen peruskorjaus | 2017<br \/>Hotelli Ounasvaaran Helmi LVI-Urakointi | 2018<br \/>Pyh\u00e4tunturi Asteli Revontuli asunnot LVI-Urakointi 2018<br \/>Huhanniemi Saneeraus urakka 2018<br \/>As Oy S\u00e4\u00e4st\u00f6markkina kv\/vi\/iv linja-saneeruas 24 asuntoa | 2019<br \/>As Oy Rauhantupa linjasaneeraus kv\/vi\/iv p\u00e4\u00e4urakointi 32 asuntoa |2019<br \/>As Oy Poronkello linjasaneeraus 12 asuntoa | 2020<br \/>As Oy S\u00e4\u00e4st\u00f6kaira kv\/vi\/iv linja-saneeraus 24 asuntoa | 2020<br \/>As Oy Rova-Myll\u00e4ri kv Linjasaneeraus 8 asuntoa | 2020<br \/>As Oy Pahtajanrannatie kv linjasaneeraus | 2020<br \/>As Oy Tikanhovi 8 Asuntoa kv\/lj linjasaneeraus | 2020<br \/>As Oy S\u00e4\u00e4st\u00f6sato kv linjasaneeraus 20 asuntoa | 2021<\/span><\/p>\n<p>[\/et_pb_text][\/et_pb_column][\/et_pb_row][\/et_pb_section][et_pb_section fb_built=&#8221;1&#8243; prev_background_color=&#8221;#ffffff&#8221; admin_label=&#8221;Footer Section&#8221; _builder_version=&#8221;4.9.9&#8243; use_background_color_gradient=&#8221;on&#8221; background_color_gradient_start=&#8221;rgba(20,61,88,0.65)&#8221; background_color_gradient_end=&#8221;#0aa2d1&#8243; background_color_gradient_overlays_image=&#8221;on&#8221; background_image=&#8221;https:\/\/lapinputkimestarit.fi\/wp-content\/uploads\/2021\/07\/car_repair_shop-08.jpg&#8221; min_height=&#8221;522.3px&#8221; custom_margin=&#8221;||0px|||&#8221; custom_padding=&#8221;9vw|0px|0vw|0px||&#8221; top_divider_style=&#8221;asymmetric2&#8243; top_divider_height=&#8221;108px&#8221; top_divider_repeat=&#8221;1x&#8221; top_divider_flip=&#8221;horizontal&#8221; bottom_divider_color=&#8221;rgba(5,41,66,0.3)&#8221; bottom_divider_height=&#8221;18%&#8221; animation_style=&#8221;slide&#8221; animation_direction=&#8221;bottom&#8221; animation_intensity_slide=&#8221;6%&#8221; animation_starting_opacity=&#8221;100%&#8221; saved_tabs=&#8221;all&#8221; global_colors_info=&#8221;{}&#8221;][et_pb_row admin_label=&#8221;Footer Row&#8221; _builder_version=&#8221;3.25&#8243; custom_padding=&#8221;0px|||||&#8221; global_colors_info=&#8221;{}&#8221;][et_pb_column type=&#8221;4_4&#8243; _builder_version=&#8221;3.25&#8243; custom_padding=&#8221;|||&#8221; global_colors_info=&#8221;{}&#8221; custom_padding__hover=&#8221;|||&#8221;][et_pb_text admin_label=&#8221;Title&#8221; _builder_version=&#8221;4.9.9&#8243; text_font=&#8221;Bai Jamjuree|700||on|||||&#8221; text_text_color=&#8221;#FFFFFF&#8221; text_font_size=&#8221;17px&#8221; text_letter_spacing=&#8221;1px&#8221; text_line_height=&#8221;1.8em&#8221; header_font=&#8221;Bai Jamjuree|700||on|||||&#8221; header_font_size=&#8221;1px&#8221; header_2_font=&#8221;Bai Jamjuree|700|||||||&#8221; header_2_text_align=&#8221;center&#8221; header_2_font_size=&#8221;27px&#8221; header_2_line_height=&#8221;1.5em&#8221; header_3_font=&#8221;Bai Jamjuree|500|||||||&#8221; header_3_text_align=&#8221;center&#8221; header_3_font_size=&#8221;42px&#8221; header_3_line_height=&#8221;1.5em&#8221; text_orientation=&#8221;center&#8221; background_layout=&#8221;dark&#8221; max_width=&#8221;700px&#8221; module_alignment=&#8221;center&#8221; min_height=&#8221;100px&#8221; height=&#8221;100px&#8221; max_height=&#8221;1000px&#8221; custom_margin=&#8221;||-38px|||&#8221; custom_padding=&#8221;0px|||||&#8221; header_3_font_size_tablet=&#8221;60px&#8221; header_3_font_size_phone=&#8221;52px&#8221; header_3_font_size_last_edited=&#8221;on|tablet&#8221; global_colors_info=&#8221;{}&#8221;]<\/p>\n<h2><span style=\"font-size: xx-large;\">Lapin Putkimestarit Oy<\/span><\/h2>\n<p>[\/et_pb_text][\/et_pb_column][\/et_pb_row][et_pb_row column_structure=&#8221;1_3,1_3,1_3&#8243; admin_label=&#8221;CTA Row&#8221; _builder_version=&#8221;3.25&#8243; custom_margin=&#8221;4px|auto||auto||&#8221; custom_padding=&#8221;0px|||||&#8221; global_colors_info=&#8221;{}&#8221;][et_pb_column type=&#8221;1_3&#8243; _builder_version=&#8221;3.25&#8243; custom_padding=&#8221;|||&#8221; global_colors_info=&#8221;{}&#8221; custom_padding__hover=&#8221;|||&#8221;][et_pb_blurb image=&#8221;https:\/\/lapinputkimestarit.fi\/wp-content\/uploads\/2021\/07\/contact-us-1908762_1920_puh.png&#8221; image_max_width=&#8221;19%&#8221; admin_label=&#8221;CTA&#8221; _builder_version=&#8221;4.9.9&#8243; header_font=&#8221;Bai Jamjuree||||||||&#8221; header_text_color=&#8221;#a4bccb&#8221; header_font_size=&#8221;20px&#8221; header_line_height=&#8221;1.5em&#8221; body_font=&#8221;Bai Jamjuree|500|||||||&#8221; body_text_align=&#8221;center&#8221; body_font_size=&#8221;20px&#8221; body_letter_spacing=&#8221;2px&#8221; body_line_height=&#8221;1.5em&#8221; text_orientation=&#8221;center&#8221; background_layout=&#8221;dark&#8221; animation=&#8221;off&#8221; global_colors_info=&#8221;{}&#8221;]<\/p>\n<h3>040 709 9258<\/h3>\n<p>[\/et_pb_blurb][\/et_pb_column][et_pb_column type=&#8221;1_3&#8243; _builder_version=&#8221;3.25&#8243; custom_padding=&#8221;|||&#8221; global_colors_info=&#8221;{}&#8221; custom_padding__hover=&#8221;|||&#8221;][et_pb_blurb image=&#8221;https:\/\/lapinputkimestarit.fi\/wp-content\/uploads\/2021\/07\/contact-us-1908762_1920loc.png&#8221; image_max_width=&#8221;19%&#8221; admin_label=&#8221;CTA&#8221; _builder_version=&#8221;4.9.9&#8243; header_font=&#8221;Montserrat||||||||&#8221; header_text_color=&#8221;#a4bccb&#8221; header_font_size=&#8221;7px&#8221; header_letter_spacing=&#8221;9px&#8221; header_line_height=&#8221;1.3em&#8221; body_font=&#8221;Bai Jamjuree|500|||||||&#8221; body_text_align=&#8221;center&#8221; body_font_size=&#8221;20px&#8221; body_letter_spacing=&#8221;2px&#8221; body_line_height=&#8221;0.4em&#8221; text_orientation=&#8221;center&#8221; background_layout=&#8221;dark&#8221; min_height=&#8221;126.2px&#8221; animation=&#8221;off&#8221; body_letter_spacing_tablet=&#8221;&#8221; body_letter_spacing_phone=&#8221;&#8221; body_letter_spacing_last_edited=&#8221;on|desktop&#8221; global_colors_info=&#8221;{}&#8221;]<\/p>\n<p>Vasaratie 7<\/p>\n<p>Rovaniemi<\/p>\n<p>[\/et_pb_blurb][\/et_pb_column][et_pb_column type=&#8221;1_3&#8243; _builder_version=&#8221;3.25&#8243; custom_padding=&#8221;|||&#8221; global_colors_info=&#8221;{}&#8221; custom_padding__hover=&#8221;|||&#8221;][et_pb_blurb image=&#8221;https:\/\/lapinputkimestarit.fi\/wp-content\/uploads\/2021\/07\/contact-us-1908762_1920mail.png&#8221; image_max_width=&#8221;19%&#8221; admin_label=&#8221;CTA&#8221; _builder_version=&#8221;4.11.1&#8243; header_font=&#8221;Montserrat||||||||&#8221; header_text_color=&#8221;#a4bccb&#8221; header_font_size=&#8221;20px&#8221; header_line_height=&#8221;1.5em&#8221; body_font=&#8221;Bai Jamjuree|500|||||||&#8221; body_text_align=&#8221;center&#8221; body_font_size=&#8221;20px&#8221; body_letter_spacing=&#8221;2px&#8221; text_orientation=&#8221;center&#8221; background_layout=&#8221;dark&#8221; animation=&#8221;off&#8221; global_colors_info=&#8221;{}&#8221;]<\/p>\n<p><span style=\"font-size: medium;\">toni.lehtola@lapinputkimestarit.fi<\/span><\/p>\n<p>[\/et_pb_blurb][\/et_pb_column][\/et_pb_row][\/et_pb_section]<\/p>\n","protected":false},"excerpt":{"rendered":"<p>\u00a0Alla luettelo\u00a0 kohteista joita olemme vuosien saatossa urakoineet &nbsp;Olivers Corner |putkiurakka | 2012As Oy Pitk\u00e4rantavitikantie | kv linjasaneeraus p\u00e4\u00e4urakointi| 2013As Oy Karpalorakka | lattial\u00e4mmitysurakointi | 2014As Oy Vesarinne | rivitalon k\u00e4ytt\u00f6vesilinjasaneeraus | 2015As Oy V\u00e4yl\u00e4tie 47 | lattial\u00e4mmitysurakointi | 2015Noreca Oy | ilmanvaihto | maal\u00e4mp\u00f6j\u00e4rjestelm\u00e4 | 2015Pyh\u00e4n Asteli | l\u00e4mp\u00f6pumppu-urakointi | 2015Pudasj\u00e4rven koulukampus | lattial\u00e4mmitysurakointi [&hellip;]<\/p>\n","protected":false},"author":1,"featured_media":0,"parent":0,"menu_order":0,"comment_status":"closed","ping_status":"closed","template":"","meta":{"_et_pb_use_builder":"on","_et_pb_old_content":"<!-- wp:divi\/placeholder \/-->","_et_gb_content_width":"","footnotes":""},"class_list":["post-319","page","type-page","status-publish","hentry"],"_links":{"self":[{"href":"https:\/\/lapinputkimestarit.fi\/index.php?rest_route=\/wp\/v2\/pages\/319","targetHints":{"allow":["GET"]}}],"collection":[{"href":"https:\/\/lapinputkimestarit.fi\/index.php?rest_route=\/wp\/v2\/pages"}],"about":[{"href":"https:\/\/lapinputkimestarit.fi\/index.php?rest_route=\/wp\/v2\/types\/page"}],"author":[{"embeddable":true,"href":"https:\/\/lapinputkimestarit.fi\/index.php?rest_route=\/wp\/v2\/users\/1"}],"replies":[{"embeddable":true,"href":"https:\/\/lapinputkimestarit.fi\/index.php?rest_route=%2Fwp%2Fv2%2Fcomments&post=319"}],"version-history":[{"count":8,"href":"https:\/\/lapinputkimestarit.fi\/index.php?rest_route=\/wp\/v2\/pages\/319\/revisions"}],"predecessor-version":[{"id":431,"href":"https:\/\/lapinputkimestarit.fi\/index.php?rest_route=\/wp\/v2\/pages\/319\/revisions\/431"}],"wp:attachment":[{"href":"https:\/\/lapinputkimestarit.fi\/index.php?rest_route=%2Fwp%2Fv2%2Fmedia&parent=319"}],"curies":[{"name":"wp","href":"https:\/\/api.w.org\/{rel}","templated":true}]}}